{"id":302,"date":"2018-06-06T15:19:52","date_gmt":"2018-06-06T13:19:52","guid":{"rendered":"https:\/\/www.c-lao.fr\/?page_id=302"},"modified":"2025-08-19T12:13:05","modified_gmt":"2025-08-19T10:13:05","slug":"contact","status":"publish","type":"page","link":"https:\/\/www.c-lao.fr\/index.php\/contact\/","title":{"rendered":"Contact"},"content":{"rendered":"\t\t<div data-elementor-type=\"wp-post\" data-elementor-id=\"302\" class=\"elementor elementor-302\">\n\t\t\t\t\t\t<section class=\"elementor-section elementor-top-section elementor-element elementor-element-6a8fe2ea elementor-section-stretched elementor-section-height-min-height elementor-section-boxed elementor-section-height-default elementor-section-items-middle\" data-id=\"6a8fe2ea\" data-element_type=\"section\" data-e-type=\"section\" data-settings=\"{&quot;stretch_section&quot;:&quot;section-stretched&quot;}\">\n\t\t\t\t\t\t<div class=\"elementor-container elementor-column-gap-default\">\n\t\t\t\t\t<div class=\"elementor-column elementor-col-50 elementor-top-column elementor-element elementor-element-9e13b87\" data-id=\"9e13b87\" data-element_type=\"column\" data-e-type=\"column\">\n\t\t\t<div class=\"elementor-widget-wrap elementor-element-populated\">\n\t\t\t\t\t\t<section class=\"elementor-section elementor-inner-section elementor-element elementor-element-16c7f2c elementor-section-boxed elementor-section-height-default elementor-section-height-default\" data-id=\"16c7f2c\" data-element_type=\"section\" data-e-type=\"section\">\n\t\t\t\t\t\t<div class=\"elementor-container elementor-column-gap-default\">\n\t\t\t\t\t<div class=\"elementor-column elementor-col-50 elementor-inner-column elementor-element elementor-element-a2760b3\" data-id=\"a2760b3\" data-element_type=\"column\" data-e-type=\"column\">\n\t\t\t<div class=\"elementor-widget-wrap elementor-element-populated\">\n\t\t\t\t\t\t<div class=\"elementor-element elementor-element-5fe667e elementor-widget elementor-widget-text-editor\" data-id=\"5fe667e\" data-element_type=\"widget\" data-e-type=\"widget\" data-widget_type=\"text-editor.default\">\n\t\t\t\t<div class=\"elementor-widget-container\">\n\t\t\t\t\t\t\t\t\t<h2>Exemple : captation\/diffusion de conf\u00e9rence<\/h2><p><img fetchpriority=\"high\" decoding=\"async\" class=\"alignnone size-medium wp-image-454 alignright\" src=\"https:\/\/www.c-lao.fr\/wp-content\/uploads\/2019\/02\/IMG_45771-225x300.jpg\" alt=\"\" width=\"225\" height=\"300\" srcset=\"https:\/\/www.c-lao.fr\/wp-content\/uploads\/2019\/02\/IMG_45771-225x300.jpg 225w, https:\/\/www.c-lao.fr\/wp-content\/uploads\/2019\/02\/IMG_45771.jpg 768w\" sizes=\"(max-width: 225px) 100vw, 225px\" \/><\/p><ul><li><span style=\"color: #3366ff;\">Captation tri-camera 4K ou Full HD<\/span><\/li><li><span style=\"color: #3366ff;\">Prises de son autonomes HF ou sur r\u00e9gie<\/span><\/li><li><span style=\"color: #3366ff;\">R\u00e9gie pour diffusion en direct et\/ou enregistrement<\/span><\/li><li><span style=\"color: #3366ff;\">Enregistrement avec montage direct \u00e0 l&rsquo;issue<\/span><\/li><\/ul><div>\u00a0<\/div>\t\t\t\t\t\t\t\t<\/div>\n\t\t\t\t<\/div>\n\t\t\t\t\t<\/div>\n\t\t<\/div>\n\t\t\t\t<div class=\"elementor-column elementor-col-50 elementor-inner-column elementor-element elementor-element-e0e0f4e\" data-id=\"e0e0f4e\" data-element_type=\"column\" data-e-type=\"column\">\n\t\t\t<div class=\"elementor-widget-wrap\">\n\t\t\t\t\t\t\t<\/div>\n\t\t<\/div>\n\t\t\t\t\t<\/div>\n\t\t<\/section>\n\t\t\t\t<div class=\"elementor-element elementor-element-679a4f5 elementor-widget elementor-widget-text-editor\" data-id=\"679a4f5\" data-element_type=\"widget\" data-e-type=\"widget\" data-widget_type=\"text-editor.default\">\n\t\t\t\t<div class=\"elementor-widget-container\">\n\t\t\t\t\t\t\t\t\t<p><span style=\"color: #ffffff;\">Pour toute question, devis ou demande d&rsquo;information, n&rsquo;h\u00e9sitez pas \u00e0 me contacter via la messagerie :<\/span><\/p><p><span style=\"color: #ffffff;\">thierry.girault@c-lao.fr<\/span><\/p>\t\t\t\t\t\t\t\t<\/div>\n\t\t\t\t<\/div>\n\t\t\t\t\t<\/div>\n\t\t<\/div>\n\t\t\t\t<div class=\"elementor-column elementor-col-50 elementor-top-column elementor-element elementor-element-762d126\" data-id=\"762d126\" data-element_type=\"column\" data-e-type=\"column\">\n\t\t\t<div class=\"elementor-widget-wrap elementor-element-populated\">\n\t\t\t\t\t\t<div class=\"elementor-element elementor-element-52c3006 elementor-widget elementor-widget-text-editor\" data-id=\"52c3006\" data-element_type=\"widget\" data-e-type=\"widget\" data-widget_type=\"text-editor.default\">\n\t\t\t\t<div class=\"elementor-widget-container\">\n\t\t\t\t\t\t\t\t\t<p><img decoding=\"async\" class=\"wp-image-82 alignright\" src=\"https:\/\/www.c-lao.fr\/wp-content\/uploads\/2018\/03\/c-lao-08-300x300.png\" alt=\"\" width=\"285\" height=\"285\" srcset=\"https:\/\/www.c-lao.fr\/wp-content\/uploads\/2018\/03\/c-lao-08-300x300.png 300w, https:\/\/www.c-lao.fr\/wp-content\/uploads\/2018\/03\/c-lao-08-150x150.png 150w, https:\/\/www.c-lao.fr\/wp-content\/uploads\/2018\/03\/c-lao-08.png 500w\" sizes=\"(max-width: 285px) 100vw, 285px\" \/><\/p>\t\t\t\t\t\t\t\t<\/div>\n\t\t\t\t<\/div>\n\t\t\t\t<div class=\"elementor-element elementor-element-bc99527 elementor-widget elementor-widget-text-editor\" data-id=\"bc99527\" data-element_type=\"widget\" data-e-type=\"widget\" data-widget_type=\"text-editor.default\">\n\t\t\t\t<div class=\"elementor-widget-container\">\n\t\t\t\t\t\t\t\t\t<h3 style=\"text-align: center;\"><img decoding=\"async\" class=\"size-full wp-image-425 aligncenter\" src=\"https:\/\/www.c-lao.fr\/wp-content\/uploads\/2018\/08\/icons8-te\u0301le\u0301phone-50.png\" alt=\"\" width=\"42\" height=\"42\" \/>Appelez-moi :<\/h3><p style=\"text-align: center;\">07.45.01.86.61<\/p>\t\t\t\t\t\t\t\t<\/div>\n\t\t\t\t<\/div>\n\t\t\t\t<div class=\"elementor-element elementor-element-c7e9960 elementor-widget elementor-widget-text-editor\" data-id=\"c7e9960\" data-element_type=\"widget\" data-e-type=\"widget\" data-widget_type=\"text-editor.default\">\n\t\t\t\t<div class=\"elementor-widget-container\">\n\t\t\t\t\t\t\t\t\t<h3 style=\"text-align: center;\"><a href=\"https:\/\/twitter.com\/\"><img loading=\"lazy\" decoding=\"async\" class=\"alignnone wp-image-1069\" src=\"https:\/\/www.c-lao.fr\/wp-content\/uploads\/2024\/01\/LinkedIn_logo_initials-300x300.png\" alt=\"\" width=\"64\" height=\"64\" srcset=\"https:\/\/www.c-lao.fr\/wp-content\/uploads\/2024\/01\/LinkedIn_logo_initials-300x300.png 300w, https:\/\/www.c-lao.fr\/wp-content\/uploads\/2024\/01\/LinkedIn_logo_initials-150x150.png 150w, https:\/\/www.c-lao.fr\/wp-content\/uploads\/2024\/01\/LinkedIn_logo_initials-100x100.png 100w, https:\/\/www.c-lao.fr\/wp-content\/uploads\/2024\/01\/LinkedIn_logo_initials.png 480w\" sizes=\"(max-width: 64px) 100vw, 64px\" \/><\/a><\/h3><div class=\"t-16 t-black t-bold\" style=\"text-align: center;\">Thierry Girault<\/div><p class=\"identity-headline t-12 t-black--light t-normal mt1\" style=\"text-align: center;\">R\u00e9alisateur audiovisuel Formateur<\/p><p style=\"text-align: center;\">\u00a0<\/p>\t\t\t\t\t\t\t\t<\/div>\n\t\t\t\t<\/div>\n\t\t\t\t\t<\/div>\n\t\t<\/div>\n\t\t\t\t\t<\/div>\n\t\t<\/section>\n\t\t\t\t<\/div>\n\t\t","protected":false},"excerpt":{"rendered":"<p>Exemple : captation\/diffusion de conf\u00e9rence Captation tri-camera 4K ou Full HD Prises de son autonomes HF ou sur r\u00e9gie R\u00e9gie pour diffusion en direct et\/ou enregistrement Enregistrement avec montage direct \u00e0 l&rsquo;issue \u00a0 Pour toute question, devis ou demande d&rsquo;information, n&rsquo;h\u00e9sitez pas \u00e0 me contacter via la messagerie : thierry.girault@c-lao.fr Appelez-moi : 07.45.01.86.61 Thierry Girault &hellip; <\/p>\n<p class=\"link-more\"><a href=\"https:\/\/www.c-lao.fr\/index.php\/contact\/\" class=\"more-link\">Continuer la lecture<span class=\"screen-reader-text\"> de &laquo;&nbsp;Contact&nbsp;&raquo;<\/span><\/a><\/p>\n","protected":false},"author":1,"featured_media":0,"parent":0,"menu_order":0,"comment_status":"closed","ping_status":"closed","template":"","meta":{"_eb_attr":"","_mo_disable_npp":"","footnotes":""},"class_list":["post-302","page","type-page","status-publish","hentry"],"_links":{"self":[{"href":"https:\/\/www.c-lao.fr\/index.php\/wp-json\/wp\/v2\/pages\/302","targetHints":{"allow":["GET"]}}],"collection":[{"href":"https:\/\/www.c-lao.fr\/index.php\/wp-json\/wp\/v2\/pages"}],"about":[{"href":"https:\/\/www.c-lao.fr\/index.php\/wp-json\/wp\/v2\/types\/page"}],"author":[{"embeddable":true,"href":"https:\/\/www.c-lao.fr\/index.php\/wp-json\/wp\/v2\/users\/1"}],"replies":[{"embeddable":true,"href":"https:\/\/www.c-lao.fr\/index.php\/wp-json\/wp\/v2\/comments?post=302"}],"version-history":[{"count":63,"href":"https:\/\/www.c-lao.fr\/index.php\/wp-json\/wp\/v2\/pages\/302\/revisions"}],"predecessor-version":[{"id":1498,"href":"https:\/\/www.c-lao.fr\/index.php\/wp-json\/wp\/v2\/pages\/302\/revisions\/1498"}],"wp:attachment":[{"href":"https:\/\/www.c-lao.fr\/index.php\/wp-json\/wp\/v2\/media?parent=302"}],"curies":[{"name":"wp","href":"https:\/\/api.w.org\/{rel}","templated":true}]}}