{"id":18,"date":"2016-10-17T14:09:37","date_gmt":"2016-10-17T12:09:37","guid":{"rendered":"https:\/\/claosite.wordpress.com\/?page_id=2"},"modified":"2025-12-26T10:12:59","modified_gmt":"2025-12-26T09:12:59","slug":"a-propos","status":"publish","type":"page","link":"https:\/\/www.c-lao.fr\/index.php\/a-propos\/","title":{"rendered":"\u00c0 propos de C-Lao"},"content":{"rendered":"\t\t<div data-elementor-type=\"wp-post\" data-elementor-id=\"18\" class=\"elementor elementor-18\">\n\t\t\t\t\t\t<section class=\"elementor-section elementor-top-section elementor-element elementor-element-48b5c537 elementor-section-stretched elementor-section-boxed elementor-section-height-default elementor-section-height-default\" data-id=\"48b5c537\" data-element_type=\"section\" data-e-type=\"section\" data-settings=\"{&quot;stretch_section&quot;:&quot;section-stretched&quot;}\">\n\t\t\t\t\t\t<div class=\"elementor-container elementor-column-gap-default\">\n\t\t\t\t\t<div class=\"elementor-column elementor-col-50 elementor-top-column elementor-element elementor-element-e3baddb\" data-id=\"e3baddb\" data-element_type=\"column\" data-e-type=\"column\">\n\t\t\t<div class=\"elementor-widget-wrap elementor-element-populated\">\n\t\t\t\t\t\t<div class=\"elementor-element elementor-element-e3dda93 elementor-widget elementor-widget-text-editor\" data-id=\"e3dda93\" data-element_type=\"widget\" data-e-type=\"widget\" data-widget_type=\"text-editor.default\">\n\t\t\t\t<div class=\"elementor-widget-container\">\n\t\t\t\t\t\t\t\t\t<h3><img decoding=\"async\" class=\"alignnone size-medium wp-image-93\" src=\"https:\/\/www.c-lao.fr\/wp-content\/uploads\/2018\/04\/c-lao-logo-wordpress01-1-300x75.png\" alt=\"\" width=\"300\" height=\"75\" srcset=\"https:\/\/www.c-lao.fr\/wp-content\/uploads\/2018\/04\/c-lao-logo-wordpress01-1-300x75.png 300w, https:\/\/www.c-lao.fr\/wp-content\/uploads\/2018\/04\/c-lao-logo-wordpress01-1.png 450w\" sizes=\"(max-width: 300px) 100vw, 300px\" \/><\/h3><p><em>\u00ab\u00a0Je me consacre aux outils et aux usages des moyens de communication audiovisuelle, pour les individuels cr\u00e9atifs, les entreprises petites ou plus grandes, les\u00a0 collectivit\u00e9s,\u00a0 les curieux&#8230;<\/em><\/p><p><em>On veut communiquer, se former , coop\u00e9rer, partager de plus en plus, avec du son , avec des images , plus vite , avec des outils simples ou sophistiqu\u00e9s . Il \u00a0faut pour cela acqu\u00e9rir les bons r\u00e9flexes, les bonnes pratiques &#8230;<\/em><\/p><p><em><strong>Mon ambition<\/strong> : mettre de l&rsquo;humain dans le num\u00e9rique, de l&rsquo;\u00e9motion dans la technique, de la technique au service de l&rsquo;\u00e9motion .<\/em><\/p><p><em>Mon exp\u00e9rience aupr\u00e8s de publics divers,\u00a0 de formateurs, d&rsquo;adultes ou d&rsquo;\u00e9l\u00e8ves, \u00a0mais aussi mes comp\u00e9tences de r\u00e9alisation audiovisuelle et num\u00e9rique,\u00a0 je les mets au service d&rsquo;une meilleure compr\u00e9hension de ce qui est attendu.<\/em><\/p><p><em><strong>Parlons de votre projet<\/strong> , je viens vous aider \u00e0 le r\u00e9aliser. Je vous accompagne, pour mettre en oeuvre votre projet de r\u00e9alisation ou de communication audiovisuelle.<\/em><\/p><p><em>Parlons de vos comp\u00e9tences , faisons les grandir et mettons les au service de votre communication.\u00a0\u00bb<\/em><\/p><h2>Qui suis-je ?<\/h2><p>\u00a0<\/p><h3 style=\"text-align: left;\">Thierry Girault<\/h3><h3><span style=\"color: #ffffff;\">Master 2 (DESS) en audiovisuel et num\u00e9rique pour l\u2019enseignement,<\/span><br \/><span style=\"color: #ffffff;\">Master 1 en\u00a0 Sciences de l\u2019\u00e9ducation<\/span><\/h3><div>\u00a0<\/div><div>De Formation d&rsquo;enseignant aupr\u00e8s de publics en difficult\u00e9 \u00a0essentiellement , je me sp\u00e9cialise parall\u00e8lement sur le domaine audiovisuel pour poursuivre sur une double comp\u00e9tence de formateur d&rsquo;adultes aux outils et usages du num\u00e9rique et r\u00e9alisateur de films de formation (15 ans d&rsquo;exp\u00e9rience). A ce dernier titre , je r\u00e9alise et collabore \u00e0 de nombreuses r\u00e9alisations (formes courtes et\u00a0 productions documentaires)<\/div><div>\u00a0<\/div><h2>Formations Pro audiovisuelles\u00a0<\/h2><p>webdocumentaire avec Klynt (INA)<\/p><p><span style=\"color: #ffffff;\">Adobe \u00a0Premi\u00e8re Pro CC ( <\/span>INA , montage de sujet court)<\/p><p>La prise de vue avec \u00e9clairage<\/p><p>Le son de tournage<\/p><p>Les droits d&rsquo;auteurs en contexte num\u00e9rique ,<\/p><p><strong><span style=\"color: #ffffff;\">Montage, post-prod\u00a0 avec Da Vinci Resolve de Blackmagic design\u00a0 .<\/span><\/strong><\/p><p><strong><span style=\"color: #ffffff;\">Montage avec Final Cut Pro X<\/span><\/strong><\/p><p>Colorim\u00e9trie et correction (bases)<\/p><p>&#8230;<\/p>\t\t\t\t\t\t\t\t<\/div>\n\t\t\t\t<\/div>\n\t\t\t\t\t<\/div>\n\t\t<\/div>\n\t\t\t\t<div class=\"elementor-column elementor-col-50 elementor-top-column elementor-element elementor-element-c6e899f\" data-id=\"c6e899f\" data-element_type=\"column\" data-e-type=\"column\">\n\t\t\t<div class=\"elementor-widget-wrap\">\n\t\t\t\t\t\t\t<\/div>\n\t\t<\/div>\n\t\t\t\t\t<\/div>\n\t\t<\/section>\n\t\t\t\t<section class=\"elementor-section elementor-top-section elementor-element elementor-element-8294b54 elementor-section-boxed elementor-section-height-default elementor-section-height-default\" data-id=\"8294b54\" data-element_type=\"section\" data-e-type=\"section\">\n\t\t\t\t\t\t<div class=\"elementor-container elementor-column-gap-default\">\n\t\t\t\t\t<div class=\"elementor-column elementor-col-100 elementor-top-column elementor-element elementor-element-bebda7e\" data-id=\"bebda7e\" data-element_type=\"column\" data-e-type=\"column\">\n\t\t\t<div class=\"elementor-widget-wrap\">\n\t\t\t\t\t\t\t<\/div>\n\t\t<\/div>\n\t\t\t\t\t<\/div>\n\t\t<\/section>\n\t\t\t\t<\/div>\n\t\t","protected":false},"excerpt":{"rendered":"<p>\u00ab\u00a0Je me consacre aux outils et aux usages des moyens de communication audiovisuelle, pour les individuels cr\u00e9atifs, les entreprises petites ou plus grandes, les\u00a0 collectivit\u00e9s,\u00a0 les curieux&#8230; On veut communiquer, se former , coop\u00e9rer, partager de plus en plus, avec du son , avec des images , plus vite , avec des outils simples ou &hellip; <\/p>\n<p class=\"link-more\"><a href=\"https:\/\/www.c-lao.fr\/index.php\/a-propos\/\" class=\"more-link\">Continuer la lecture<span class=\"screen-reader-text\"> de &laquo;&nbsp;\u00c0 propos de C-Lao&nbsp;&raquo;<\/span><\/a><\/p>\n","protected":false},"author":1,"featured_media":0,"parent":0,"menu_order":1,"comment_status":"closed","ping_status":"closed","template":"","meta":{"_eb_attr":"","_mo_disable_npp":"","footnotes":""},"class_list":["post-18","page","type-page","status-publish","hentry"],"_links":{"self":[{"href":"https:\/\/www.c-lao.fr\/index.php\/wp-json\/wp\/v2\/pages\/18","targetHints":{"allow":["GET"]}}],"collection":[{"href":"https:\/\/www.c-lao.fr\/index.php\/wp-json\/wp\/v2\/pages"}],"about":[{"href":"https:\/\/www.c-lao.fr\/index.php\/wp-json\/wp\/v2\/types\/page"}],"author":[{"embeddable":true,"href":"https:\/\/www.c-lao.fr\/index.php\/wp-json\/wp\/v2\/users\/1"}],"replies":[{"embeddable":true,"href":"https:\/\/www.c-lao.fr\/index.php\/wp-json\/wp\/v2\/comments?post=18"}],"version-history":[{"count":45,"href":"https:\/\/www.c-lao.fr\/index.php\/wp-json\/wp\/v2\/pages\/18\/revisions"}],"predecessor-version":[{"id":1591,"href":"https:\/\/www.c-lao.fr\/index.php\/wp-json\/wp\/v2\/pages\/18\/revisions\/1591"}],"wp:attachment":[{"href":"https:\/\/www.c-lao.fr\/index.php\/wp-json\/wp\/v2\/media?parent=18"}],"curies":[{"name":"wp","href":"https:\/\/api.w.org\/{rel}","templated":true}]}}