{"id":159,"date":"2018-05-24T11:41:10","date_gmt":"2018-05-24T09:41:10","guid":{"rendered":"https:\/\/www.c-lao.fr\/?page_id=159"},"modified":"2025-07-12T11:14:19","modified_gmt":"2025-07-12T09:14:19","slug":"services","status":"publish","type":"page","link":"https:\/\/www.c-lao.fr\/index.php\/services\/","title":{"rendered":"Services"},"content":{"rendered":"\t\t<div data-elementor-type=\"wp-post\" data-elementor-id=\"159\" class=\"elementor elementor-159\">\n\t\t\t\t\t\t<section class=\"elementor-section elementor-top-section elementor-element elementor-element-d2e0ca9 elementor-section-stretched elementor-section-boxed elementor-section-height-default elementor-section-height-default\" data-id=\"d2e0ca9\" data-element_type=\"section\" data-e-type=\"section\" data-settings=\"{&quot;stretch_section&quot;:&quot;section-stretched&quot;}\">\n\t\t\t\t\t\t<div class=\"elementor-container elementor-column-gap-default\">\n\t\t\t\t\t<div class=\"elementor-column elementor-col-100 elementor-top-column elementor-element elementor-element-4d8881ff\" data-id=\"4d8881ff\" data-element_type=\"column\" data-e-type=\"column\">\n\t\t\t<div class=\"elementor-widget-wrap elementor-element-populated\">\n\t\t\t\t\t\t<div class=\"elementor-element elementor-element-4a999df0 elementor-widget elementor-widget-text-editor\" data-id=\"4a999df0\" data-element_type=\"widget\" data-e-type=\"widget\" data-widget_type=\"text-editor.default\">\n\t\t\t\t<div class=\"elementor-widget-container\">\n\t\t\t\t\t\t\t\t\t<p><span style=\"color: #666666; font-size: 1.625rem;\">Mon but : vous apporter les comp\u00e9tences n\u00e9cessaires pour <\/span><strong style=\"color: #666666; font-size: 1.625rem;\">vous faciliter la communication<\/strong><span style=\"color: #666666; font-size: 1.625rem;\">.<\/span><\/p>\n<p><span style=\"color: #666666; font-size: 1.625rem;\">&nbsp;<\/span><\/p>\n<h2><span style=\"color: #666666; font-size: 1.625rem;\">&nbsp;<\/span><img decoding=\"async\" style=\"font-size: 1rem;\" src=\"https:\/\/www.c-lao.fr\/wp-content\/uploads\/2018\/05\/icons8-confe\u0301rence-vide\u0301o-128.png\" sizes=\"100vw\" srcset=\"https:\/\/www.c-lao.fr\/wp-content\/uploads\/2018\/05\/icons8-confe\u0301rence-vide\u0301o-128.png 128w, https:\/\/www.c-lao.fr\/wp-content\/uploads\/2018\/05\/icons8-confe\u0301rence-vide\u0301o-128-100x100.png 100w\" alt=\"\" width=\"128\" height=\"128\"><span style=\"color: #666666; font-size: 1.625rem;\">&nbsp;&nbsp;<\/span><span style=\"font-size: 1.625rem;\">live-streaming<\/span><span style=\"font-size: 1.625rem;\">&nbsp;<\/span><\/h2>\n<p>diffusez en direct une table-ronde , une interview, un cours, une conf\u00e9rence&#8230;<br>( une telle diffusion n\u00e9cessite une bande passante suffisante sur le net)<\/p>\n<figure><\/figure>\n<h2>&nbsp;<img decoding=\"async\" style=\"color: #545454; font-size: 1rem;\" src=\"https:\/\/www.c-lao.fr\/wp-content\/uploads\/2018\/05\/icons8-ordinateur-100.png\" sizes=\"100vw\" alt=\"\" width=\"100\" height=\"100\">&nbsp;&nbsp;<span style=\"font-size: 1.375rem;\">Modules de vid\u00e9o enrichie.<\/span><\/h2>\n<p>Ajoutez des documents \u00e0 une captation et diffusez les ensuite sur votre site ou une cha\u00eene Youtube, Vimeo ou autre de votre choix.<span style=\"color: #333333; font-size: 1.375rem;\">&nbsp;<\/span><\/p>\n<h2><img decoding=\"async\" style=\"font-size: 1rem;\" src=\"https:\/\/www.c-lao.fr\/wp-content\/uploads\/2018\/05\/icons8-apprentissage-100.png\" sizes=\"100vw\" alt=\"\" width=\"100\" height=\"100\"><span style=\"color: #333333; font-size: 1.375rem;\">&nbsp;&nbsp;<\/span><span style=\"font-size: 1.375rem;\">Ateliers adultes.<\/span><\/h2>\n<p>Formez-vous aux outils de prise de vues et aux outils de diffusion , avec des outils l\u00e9gers et mobiles ou du mat\u00e9riel classique<br>-pocket film<br>-diffusion sur les r\u00e9seaux sociaux..<br>-interviews<br>-CV vid\u00e9o<br>&#8230;<\/p>\n<figure><\/figure><figure><\/figure><h2><img loading=\"lazy\" decoding=\"async\" style=\"color: #545454; font-size: 1rem;\" src=\"https:\/\/www.c-lao.fr\/wp-content\/uploads\/2018\/05\/icons8-came%CC%81ra-pro-100.png\" sizes=\"100vw\" alt=\"\" width=\"100\" height=\"100\"><span style=\"color: #545454; font-size: medium;\"><span style=\"caret-color: #545454;\">&nbsp;&nbsp;<\/span><\/span><span style=\"font-size: 1.375rem;\">Interviews , reportages<\/span><\/h2>\n<p><span style=\"font-size: 22px; color: #3366ff;\">Je r\u00e9alise pour vous les interviews ou reportages, pour diffusion , dont vous avez besoin.<\/span><\/p>\n<div><span style=\"font-size: 22px;\">&nbsp;<\/span><\/div>\n<h2><img loading=\"lazy\" decoding=\"async\" src=\"https:\/\/www.c-lao.fr\/wp-content\/uploads\/2018\/05\/icons8-appel-video-100.png\" sizes=\"100vw\" alt=\"\" width=\"100\" height=\"100\">R<span style=\"font-size: 1.375rem;\">\u00e9alisations vid\u00e9os pour le web<\/span><\/h2>\n<p>Pour votre communication ou vos formations , vous souhaitez mettre en place des \u00ab\u00a0capsules vid\u00e9o\u00a0\u00bb &#8230;<br>Nous r\u00e9fl\u00e9chissons ensemble \u00e0 vos besoins et je r\u00e9alise pour vous.<\/p>\n<figure><img loading=\"lazy\" decoding=\"async\" src=\"https:\/\/www.c-lao.fr\/wp-content\/uploads\/2018\/05\/icons8-montage-vide\u0301o-240-150x150.png\" sizes=\"100vw\" srcset=\"https:\/\/www.c-lao.fr\/wp-content\/uploads\/2018\/05\/icons8-montage-vide\u0301o-240-150x150.png 150w, https:\/\/www.c-lao.fr\/wp-content\/uploads\/2018\/05\/icons8-montage-vide\u0301o-240-100x100.png 100w, https:\/\/www.c-lao.fr\/wp-content\/uploads\/2018\/05\/icons8-montage-vide\u0301o-240.png 240w\" alt=\"\" width=\"150\" height=\"150\"><span style=\"color: #333333; font-size: 1.375rem;\">r\u00e9alisations documentaires<\/span><\/figure>\n<p>Vous envisagez un projet de r\u00e9alisation plus longue de type documentaire ou webdocumentaire&#8230;Nous y r\u00e9fl\u00e9chissons ensemble , je les r\u00e9alise &#8230;<\/p>\t\t\t\t\t\t\t\t<\/div>\n\t\t\t\t<\/div>\n\t\t\t\t\t<\/div>\n\t\t<\/div>\n\t\t\t\t\t<\/div>\n\t\t<\/section>\n\t\t\t\t<\/div>\n\t\t","protected":false},"excerpt":{"rendered":"<p>Mon but : vous apporter les comp\u00e9tences n\u00e9cessaires pour vous faciliter la communication. &nbsp; &nbsp;&nbsp;&nbsp;live-streaming&nbsp; diffusez en direct une table-ronde , une interview, un cours, une conf\u00e9rence&#8230;( une telle diffusion n\u00e9cessite une bande passante suffisante sur le net) &nbsp;&nbsp;&nbsp;Modules de vid\u00e9o enrichie. Ajoutez des documents \u00e0 une captation et diffusez les ensuite sur votre site &hellip; <\/p>\n<p class=\"link-more\"><a href=\"https:\/\/www.c-lao.fr\/index.php\/services\/\" class=\"more-link\">Continuer la lecture<span class=\"screen-reader-text\"> de &laquo;&nbsp;Services&nbsp;&raquo;<\/span><\/a><\/p>\n","protected":false},"author":1,"featured_media":0,"parent":0,"menu_order":0,"comment_status":"closed","ping_status":"closed","template":"","meta":{"_eb_attr":"","_mo_disable_npp":"","footnotes":""},"class_list":["post-159","page","type-page","status-publish","hentry"],"_links":{"self":[{"href":"https:\/\/www.c-lao.fr\/index.php\/wp-json\/wp\/v2\/pages\/159","targetHints":{"allow":["GET"]}}],"collection":[{"href":"https:\/\/www.c-lao.fr\/index.php\/wp-json\/wp\/v2\/pages"}],"about":[{"href":"https:\/\/www.c-lao.fr\/index.php\/wp-json\/wp\/v2\/types\/page"}],"author":[{"embeddable":true,"href":"https:\/\/www.c-lao.fr\/index.php\/wp-json\/wp\/v2\/users\/1"}],"replies":[{"embeddable":true,"href":"https:\/\/www.c-lao.fr\/index.php\/wp-json\/wp\/v2\/comments?post=159"}],"version-history":[{"count":44,"href":"https:\/\/www.c-lao.fr\/index.php\/wp-json\/wp\/v2\/pages\/159\/revisions"}],"predecessor-version":[{"id":1200,"href":"https:\/\/www.c-lao.fr\/index.php\/wp-json\/wp\/v2\/pages\/159\/revisions\/1200"}],"wp:attachment":[{"href":"https:\/\/www.c-lao.fr\/index.php\/wp-json\/wp\/v2\/media?parent=159"}],"curies":[{"name":"wp","href":"https:\/\/api.w.org\/{rel}","templated":true}]}}